{"id":629,"date":"2021-07-13T20:22:18","date_gmt":"2021-07-13T18:22:18","guid":{"rendered":"https:\/\/beezdeco.fr\/rebeecles\/?post_type=product&#038;p=629"},"modified":"2021-10-01T19:45:24","modified_gmt":"2021-10-01T17:45:24","slug":"bo-helmi-a-composer","status":"publish","type":"product","link":"https:\/\/beezdeco.fr\/rebeecles\/produit\/bo-helmi-a-composer\/","title":{"rendered":"BO Helmi &#8211; \u00c0 composer"},"content":{"rendered":"<p>Avec la collection Papp\u00edr j\u2019ai choisi de mettre en avant un produit encore m\u00e9connu\u00a0: les perles de papier.<\/p>\n<p>Je r\u00e9alise moi-m\u00eame toutes les perles \u00e0 la main \u00e0 partir de papier de r\u00e9cup, notamment des affiches d\u2019\u00e9v\u00e9nements pass\u00e9s ou des pages de magazines. Chaque perle est donc unique bien que les tons restent similaires. Les perles sont ensuite associ\u00e9es \u00e0 d\u2019autres \u00e9l\u00e9ments de seconde main pour donner des bijoux originaux et d\u00e9licats.<\/p>\n<p>Les perles sont coll\u00e9es et vernis \u00e0 l&rsquo;aide d&rsquo;un verni transparent mat pour papier, les rendant plus r\u00e9sistantes et l\u00e9g\u00e8rement imperm\u00e9ables. Attention toutefois \u00e0 ne pas les plonger dans l&rsquo;eau.<\/p>\n<p>Les boucles d\u2019oreilles Helmi sont ainsi produites en partie en up-cycling, puisqu\u2019elles regroupent des perles de papier faites \u00e0 la main, des perles de rocailles achet\u00e9es en seconde main et des pompons r\u00e9alis\u00e9s \u00e0 la main \u00e0 partir de fils achet\u00e9s en seconde main. Les pi\u00e8ces m\u00e9talliques sont neuves, en laiton plaqu\u00e9 argent, fabriqu\u00e9es en Europe et garanties par le fournisseur sans plomb, sans cadmium et sans nickel.<\/p>\n<p>Le r\u00e9sultat est une paire de boucle d\u2019oreille fine et d\u00e9licate que vous pourrez composer vous m\u00eame selon vos go\u00fbts en choisissant parmi une s\u00e9lection de perles, de pompons et de fermoirs.<\/p>\n","protected":false},"excerpt":{"rendered":"<p>Composez votre propre paire de Boucles d&rsquo;oreille Helmi en choisissant :<\/p>\n<ul>\n<li>les perles de papier<\/li>\n<li>la couleur des pompons<\/li>\n<li>le type de fermoir<\/li>\n<\/ul>\n<p>Choisissez votre option \u00e0 chaque \u00e9tape et recevez une paire de boucle d&rsquo;oreille compos\u00e9e selon vos go\u00fbts, rien que pour vous.<\/p>\n<p>Pr\u00e9voir un d\u00e9lais de fabrication de 5 jours ouvr\u00e9s environ avant envoi.<\/p>\n","protected":false},"featured_media":769,"comment_status":"open","ping_status":"closed","template":"","meta":[],"product_cat":[31,66],"product_tag":[],"class_list":["post-629","product","type-product","status-publish","has-post-thumbnail","hentry","product_cat-boucles-doreilles","product_cat-pappir"],"_links":{"self":[{"href":"https:\/\/beezdeco.fr\/rebeecles\/wp-json\/wp\/v2\/product\/629","targetHints":{"allow":["GET"]}}],"collection":[{"href":"https:\/\/beezdeco.fr\/rebeecles\/wp-json\/wp\/v2\/product"}],"about":[{"href":"https:\/\/beezdeco.fr\/rebeecles\/wp-json\/wp\/v2\/types\/product"}],"replies":[{"embeddable":true,"href":"https:\/\/beezdeco.fr\/rebeecles\/wp-json\/wp\/v2\/comments?post=629"}],"wp:featuredmedia":[{"embeddable":true,"href":"https:\/\/beezdeco.fr\/rebeecles\/wp-json\/wp\/v2\/media\/769"}],"wp:attachment":[{"href":"https:\/\/beezdeco.fr\/rebeecles\/wp-json\/wp\/v2\/media?parent=629"}],"wp:term":[{"taxonomy":"product_cat","embeddable":true,"href":"https:\/\/beezdeco.fr\/rebeecles\/wp-json\/wp\/v2\/product_cat?post=629"},{"taxonomy":"product_tag","embeddable":true,"href":"https:\/\/beezdeco.fr\/rebeecles\/wp-json\/wp\/v2\/product_tag?post=629"}],"curies":[{"name":"wp","href":"https:\/\/api.w.org\/{rel}","templated":true}]}}